{"id":14,"date":"2016-04-25T15:09:43","date_gmt":"2016-04-25T15:09:43","guid":{"rendered":"http:\/\/plazabeachhotel.codibee.solutions\/our-offers\/"},"modified":"2019-10-25T10:10:56","modified_gmt":"2019-10-25T07:10:56","slug":"our-offers","status":"publish","type":"page","link":"https:\/\/www.plazabeachhotel.gr\/fr\/our-offers\/","title":{"rendered":"Offres"},"content":{"rendered":"<p>Contactez-nous par t\u00e9l\u00e9phone ou par mail et profitez de nos offres incroyables de r\u00e9servation anticip\u00e9e.<\/p>","protected":false},"excerpt":{"rendered":"<p class=\"qtranxs-available-languages-message qtranxs-available-languages-message-fr\">D\u00e9sol\u00e9, cet article est seulement disponible en <a href=\"https:\/\/www.plazabeachhotel.gr\/en\/wp-json\/wp\/v2\/pages\/14\" class=\"qtranxs-available-language-link qtranxs-available-language-link-en\" title=\"English\">English<\/a> et <a href=\"https:\/\/www.plazabeachhotel.gr\/el\/wp-json\/wp\/v2\/pages\/14\" class=\"qtranxs-available-language-link qtranxs-available-language-link-el\" title=\"\u0395\u03bb\u03bb\u03b7\u03bd\u03b9\u03ba\u03ac\">\u0395\u03bb\u03bb\u03b7\u03bd\u03b9\u03ba\u03ac<\/a>.<\/p>\n","protected":false},"author":1,"featured_media":202,"parent":0,"menu_order":0,"comment_status":"closed","ping_status":"closed","template":"page_offers.php","meta":{"footnotes":""},"class_list":["post-14","page","type-page","status-publish","has-post-thumbnail","hentry"],"_links":{"self":[{"href":"https:\/\/www.plazabeachhotel.gr\/fr\/wp-json\/wp\/v2\/pages\/14","targetHints":{"allow":["GET"]}}],"collection":[{"href":"https:\/\/www.plazabeachhotel.gr\/fr\/wp-json\/wp\/v2\/pages"}],"about":[{"href":"https:\/\/www.plazabeachhotel.gr\/fr\/wp-json\/wp\/v2\/types\/page"}],"author":[{"embeddable":true,"href":"https:\/\/www.plazabeachhotel.gr\/fr\/wp-json\/wp\/v2\/users\/1"}],"replies":[{"embeddable":true,"href":"https:\/\/www.plazabeachhotel.gr\/fr\/wp-json\/wp\/v2\/comments?post=14"}],"version-history":[{"count":11,"href":"https:\/\/www.plazabeachhotel.gr\/fr\/wp-json\/wp\/v2\/pages\/14\/revisions"}],"predecessor-version":[{"id":878,"href":"https:\/\/www.plazabeachhotel.gr\/fr\/wp-json\/wp\/v2\/pages\/14\/revisions\/878"}],"wp:featuredmedia":[{"embeddable":true,"href":"https:\/\/www.plazabeachhotel.gr\/fr\/wp-json\/wp\/v2\/media\/202"}],"wp:attachment":[{"href":"https:\/\/www.plazabeachhotel.gr\/fr\/wp-json\/wp\/v2\/media?parent=14"}],"curies":[{"name":"wp","href":"https:\/\/api.w.org\/{rel}","templated":true}]}}