{"id":19,"date":"2016-04-25T15:09:43","date_gmt":"2016-04-25T15:09:43","guid":{"rendered":"http:\/\/plazabeachhotel.codibee.solutions\/extra-page-one\/"},"modified":"2017-04-25T12:34:48","modified_gmt":"2017-04-25T09:34:48","slug":"reception","status":"publish","type":"page","link":"https:\/\/www.plazabeachhotel.gr\/fr\/reception\/","title":{"rendered":"Desk"},"content":{"rendered":"<p>Personnel amical, toujours pr\u00eat \u00e0 vous aider. Vous pouvez prendre des informations, r\u00e9server des excursions, louer des bicyclettes, motocyclettes, voitures et s\u2019informer pour les itin\u00e9raires des bateaux.\u00a0Un salon tr\u00e8s confortable existe dans l&rsquo;espace de la r\u00e9ception avec une t\u00e9l\u00e9vision.<\/p>","protected":false},"excerpt":{"rendered":"<p>Personnel amical, toujours pr\u00eat \u00e0 vous aider. Vous pouvez prendre des informations, r\u00e9server des excursions, louer des bicyclettes, motocyclettes, voitures et s\u2019informer pour les itin\u00e9raires des bateaux.<\/p>\n","protected":false},"author":1,"featured_media":372,"parent":0,"menu_order":0,"comment_status":"closed","ping_status":"closed","template":"","meta":{"footnotes":""},"class_list":["post-19","page","type-page","status-publish","has-post-thumbnail","hentry"],"_links":{"self":[{"href":"https:\/\/www.plazabeachhotel.gr\/fr\/wp-json\/wp\/v2\/pages\/19","targetHints":{"allow":["GET"]}}],"collection":[{"href":"https:\/\/www.plazabeachhotel.gr\/fr\/wp-json\/wp\/v2\/pages"}],"about":[{"href":"https:\/\/www.plazabeachhotel.gr\/fr\/wp-json\/wp\/v2\/types\/page"}],"author":[{"embeddable":true,"href":"https:\/\/www.plazabeachhotel.gr\/fr\/wp-json\/wp\/v2\/users\/1"}],"replies":[{"embeddable":true,"href":"https:\/\/www.plazabeachhotel.gr\/fr\/wp-json\/wp\/v2\/comments?post=19"}],"version-history":[{"count":11,"href":"https:\/\/www.plazabeachhotel.gr\/fr\/wp-json\/wp\/v2\/pages\/19\/revisions"}],"predecessor-version":[{"id":639,"href":"https:\/\/www.plazabeachhotel.gr\/fr\/wp-json\/wp\/v2\/pages\/19\/revisions\/639"}],"wp:featuredmedia":[{"embeddable":true,"href":"https:\/\/www.plazabeachhotel.gr\/fr\/wp-json\/wp\/v2\/media\/372"}],"wp:attachment":[{"href":"https:\/\/www.plazabeachhotel.gr\/fr\/wp-json\/wp\/v2\/media?parent=19"}],"curies":[{"name":"wp","href":"https:\/\/api.w.org\/{rel}","templated":true}]}}